{"id":142,"date":"2026-03-09T00:15:59","date_gmt":"2026-03-09T00:15:59","guid":{"rendered":"https:\/\/lonaben.com\/?post_type=product&#038;p=142"},"modified":"2026-03-23T21:09:33","modified_gmt":"2026-03-23T21:09:33","slug":"sac-zina","status":"publish","type":"product","link":"https:\/\/lonaben.com\/en\/product\/sac-zina\/","title":{"rendered":"Sac ZINA &#8211; Noir"},"content":{"rendered":"<div class=\"product-description\">\n<div class=\"product-description\">\n<div class=\"product-description\">\n<div class=\"product-description\">\n<p>Le shopper ultime, alliant durabilit\u00e9 robuste et esth\u00e9tique raffin\u00e9e.<\/p>\n<\/div>\n<div class=\"color-selection\"><\/div>\n<\/div>\n<div class=\"color-selection\"><\/div>\n<\/div>\n<div class=\"color-selection\"><\/div>\n<\/div>","protected":false},"excerpt":{"rendered":"<p>Un cabas ail\u00e9 spacieux confectionn\u00e9 en cuir pleine fleur cr\u00e8me.<\/p>","protected":false},"featured_media":623,"template":"","meta":{"_acf_changed":false,"_kad_blocks_custom_css":"","_kad_blocks_head_custom_js":"","_kad_blocks_body_custom_js":"","_kad_blocks_footer_custom_js":"","_kadence_starter_templates_imported_post":false,"_kad_post_transparent":"default","_kad_post_title":"","_kad_post_layout":"default","_kad_post_sidebar_id":"","_kad_post_content_style":"default","_kad_post_vertical_padding":"default","_kad_post_feature":"","_kad_post_feature_position":"","_kad_post_header":false,"_kad_post_footer":false,"_kad_post_classname":""},"product_brand":[],"product_cat":[19],"product_tag":[],"class_list":{"0":"post-142","1":"product","2":"type-product","3":"status-publish","4":"has-post-thumbnail","6":"product_cat-lona-ben","8":"first","9":"instock","10":"shipping-taxable","11":"purchasable","12":"product-type-variable","13":"has-default-attributes","14":"entry","15":"content-bg","16":"loop-entry"},"acf":[],"taxonomy_info":{"product_cat":[{"value":19,"label":"Lona Ben"}]},"featured_image_src_large":["https:\/\/lonaben.com\/wp-content\/uploads\/2026\/03\/1-1-1-1032x1376.webp",1032,1376,true],"author_info":[],"comment_info":"","_links":{"self":[{"href":"https:\/\/lonaben.com\/en\/wp-json\/wp\/v2\/product\/142","targetHints":{"allow":["GET"]}}],"collection":[{"href":"https:\/\/lonaben.com\/en\/wp-json\/wp\/v2\/product"}],"about":[{"href":"https:\/\/lonaben.com\/en\/wp-json\/wp\/v2\/types\/product"}],"wp:featuredmedia":[{"embeddable":true,"href":"https:\/\/lonaben.com\/en\/wp-json\/wp\/v2\/media\/623"}],"wp:attachment":[{"href":"https:\/\/lonaben.com\/en\/wp-json\/wp\/v2\/media?parent=142"}],"wp:term":[{"taxonomy":"product_brand","embeddable":true,"href":"https:\/\/lonaben.com\/en\/wp-json\/wp\/v2\/product_brand?post=142"},{"taxonomy":"product_cat","embeddable":true,"href":"https:\/\/lonaben.com\/en\/wp-json\/wp\/v2\/product_cat?post=142"},{"taxonomy":"product_tag","embeddable":true,"href":"https:\/\/lonaben.com\/en\/wp-json\/wp\/v2\/product_tag?post=142"}],"curies":[{"name":"wp","href":"https:\/\/api.w.org\/{rel}","templated":true}]}}